{"id":3928,"date":"2024-08-22T23:04:09","date_gmt":"2024-08-23T05:04:09","guid":{"rendered":"https:\/\/www.kidzdentalva.com\/?page_id=3928"},"modified":"2024-08-22T23:04:09","modified_gmt":"2024-08-23T05:04:09","slug":"dental-fillings","status":"publish","type":"page","link":"https:\/\/www.kidzdentalva.com\/es\/services\/family-dentistry\/dental-fillings\/","title":{"rendered":"Empastes dentales"},"content":{"rendered":"<h2>\u00bfQu\u00e9 es un empaste dental?<\/h2>\n<p>Un empaste dental es un procedimiento que utiliza el dentista para eliminar una caries. El dentista perforar\u00e1 alrededor del \u00e1rea cariada del diente para eliminar la caries y luego \"rellenar\u00e1\" el espacio eliminado con un empaste dental. Debido a que los materiales utilizados para crear empastes est\u00e1n destinados a imitar el aspecto y la durabilidad de los dientes, tambi\u00e9n se pueden utilizar para reparar dientes astillados o rotos.<\/p>\n<p>Una vez que el material se inserta en la cavidad, el dentista utilizar\u00e1 instrumentos para darle la forma aproximada del diente deseado. El dentista dar\u00e1 forma al diente para que parezca natural, coincidiendo con el color y la forma de los dem\u00e1s dientes, sin afectar as\u00ed la sonrisa del paciente. Utilizando una \"luz azul\" especial, el dentista endurecer\u00e1 el material en cuesti\u00f3n de segundos y luego dar\u00e1 forma y pulir\u00e1 el material endurecido para completar la restauraci\u00f3n.<\/p>\n<h2>Tipos de empastes dentales<\/h2>\n<ul>\n<li>Empastes de amalgama: tambi\u00e9n llamados empastes de plata, son resistentes al desgaste y muy duraderos. Pueden causar algunas molestias al paciente m\u00e1s adelante en la vida, por lo que no se utilizan tan com\u00fanmente.<\/li>\n<li>Empastes de oro: posiblemente el tipo de empaste dental m\u00e1s famoso, los empastes de oro son duraderos y pueden durar hasta 20 a\u00f1os. El oro puede ser una opci\u00f3n costosa y, por lo tanto, no suele ser la primera opci\u00f3n del paciente.<\/li>\n<li>Empastes de composite: los empastes de composite son el tipo de empaste m\u00e1s com\u00fan. Estos empastes, fabricados a base de resina, est\u00e1n dise\u00f1ados para imitar el color exacto de los dientes y ofrecen al dentista la mayor variedad. Los empastes de composite pueden desgastarse con el tiempo y tambi\u00e9n pueden mancharse con el caf\u00e9, \u00a1al igual que los dientes reales!<\/li>\n<li>Empastes de porcelana: llamados incrustaciones o incrustaciones parciales, estos tipos de empastes se producen en un laboratorio y luego se adhieren qu\u00edmicamente al diente. Tienen un precio similar al de los empastes de oro, pero se pueden crear para que coincidan con el color de los dientes circundantes.<\/li>\n<\/ul>\n<p>Para los empastes dentales, el Dr. Sankepally le aconsejar\u00e1 sobre qu\u00e9 opci\u00f3n es la mejor en cada situaci\u00f3n. Para obtener m\u00e1s informaci\u00f3n general sobre los empastes dentales, no dude en llamar a nuestro amable personal para obtener m\u00e1s informaci\u00f3n.<\/p>","protected":false},"excerpt":{"rendered":"<p>Learn about the many dental services offered at Kidz Dental. Contact us today for more information.<\/p>","protected":false},"author":5,"featured_media":3924,"parent":3919,"menu_order":0,"comment_status":"closed","ping_status":"closed","template":"","meta":{"_et_pb_use_builder":"","_et_pb_old_content":"","_et_gb_content_width":"","_monsterinsights_skip_tracking":false,"_monsterinsights_sitenote_active":false,"_monsterinsights_sitenote_note":"","_monsterinsights_sitenote_category":0,"footnotes":""},"class_list":["post-3928","page","type-page","status-publish","has-post-thumbnail","hentry"],"aioseo_notices":[],"aioseo_head":"\n\t\t<!-- All in One SEO Pro 4.9.7 - aioseo.com -->\n\t<meta name=\"description\" content=\"Learn about the many dental services offered at Kidz Dental. Contact us today for more information.\" \/>\n\t<meta name=\"robots\" content=\"max-image-preview:large\" \/>\n\t<meta name=\"google-site-verification\" content=\"ES7sdvxv0DQaEiLT2nD1oettbKOjY34_uYl0yaNprII\" \/>\n\t<link rel=\"canonical\" href=\"https:\/\/www.kidzdentalva.com\/es\/services\/family-dentistry\/dental-fillings\/\" \/>\n\t<meta name=\"generator\" content=\"All in One SEO Pro (AIOSEO) 4.9.7\" \/>\n\t\t<meta property=\"og:locale\" content=\"es_MX\" \/>\n\t\t<meta property=\"og:site_name\" content=\"Kidz Dental &amp; Orthodontics | Our dental office is devoted to serving our community and ensuring everyone has affordable access to dental care. We have several payment options available in addition to dental insurance, including Medicaid and CareCredit.\" \/>\n\t\t<meta property=\"og:type\" content=\"company\" \/>\n\t\t<meta property=\"og:title\" content=\"Dental Fillings in Woodbridge | Kidz Dental &amp; Orthodontics\" \/>\n\t\t<meta property=\"og:description\" content=\"Learn about the many dental services offered at Kidz Dental. Contact us today for more information.\" \/>\n\t\t<meta property=\"og:url\" content=\"https:\/\/www.kidzdentalva.com\/es\/services\/family-dentistry\/dental-fillings\/\" \/>\n\t\t<meta property=\"og:image\" content=\"https:\/\/www.kidzdentalva.com\/wp-content\/uploads\/2024\/08\/Father-and-Daughter-Playing.jpg\" \/>\n\t\t<meta property=\"og:image:secure_url\" content=\"https:\/\/www.kidzdentalva.com\/wp-content\/uploads\/2024\/08\/Father-and-Daughter-Playing.jpg\" \/>\n\t\t<meta property=\"og:image:width\" content=\"510\" \/>\n\t\t<meta property=\"og:image:height\" content=\"384\" \/>\n\t\t<meta name=\"twitter:card\" content=\"summary_large_image\" \/>\n\t\t<meta name=\"twitter:title\" content=\"Dental Fillings in Woodbridge | Kidz Dental &amp; Orthodontics\" \/>\n\t\t<meta name=\"twitter:description\" content=\"Learn about the many dental services offered at Kidz Dental. Contact us today for more information.\" \/>\n\t\t<meta name=\"twitter:image\" content=\"https:\/\/www.kidzdentalva.com\/wp-content\/uploads\/2024\/08\/KidzLogo3.png\" \/>\n\t\t<script type=\"application\/ld+json\" class=\"aioseo-schema\">\n\t\t\t{\"@context\":\"https:\\\/\\\/schema.org\",\"@graph\":[{\"@type\":\"BreadcrumbList\",\"@id\":\"https:\\\/\\\/www.kidzdentalva.com\\\/es\\\/services\\\/family-dentistry\\\/dental-fillings\\\/#breadcrumblist\",\"itemListElement\":[{\"@type\":\"ListItem\",\"@id\":\"https:\\\/\\\/www.kidzdentalva.com\\\/es#listItem\",\"position\":1,\"name\":\"Home\",\"item\":\"https:\\\/\\\/www.kidzdentalva.com\\\/es\",\"nextItem\":{\"@type\":\"ListItem\",\"@id\":\"https:\\\/\\\/www.kidzdentalva.com\\\/es\\\/services\\\/#listItem\",\"name\":\"Services\"}},{\"@type\":\"ListItem\",\"@id\":\"https:\\\/\\\/www.kidzdentalva.com\\\/es\\\/services\\\/#listItem\",\"position\":2,\"name\":\"Services\",\"item\":\"https:\\\/\\\/www.kidzdentalva.com\\\/es\\\/services\\\/\",\"nextItem\":{\"@type\":\"ListItem\",\"@id\":\"https:\\\/\\\/www.kidzdentalva.com\\\/es\\\/services\\\/family-dentistry\\\/#listItem\",\"name\":\"Family Dentistry\"},\"previousItem\":{\"@type\":\"ListItem\",\"@id\":\"https:\\\/\\\/www.kidzdentalva.com\\\/es#listItem\",\"name\":\"Home\"}},{\"@type\":\"ListItem\",\"@id\":\"https:\\\/\\\/www.kidzdentalva.com\\\/es\\\/services\\\/family-dentistry\\\/#listItem\",\"position\":3,\"name\":\"Family Dentistry\",\"item\":\"https:\\\/\\\/www.kidzdentalva.com\\\/es\\\/services\\\/family-dentistry\\\/\",\"nextItem\":{\"@type\":\"ListItem\",\"@id\":\"https:\\\/\\\/www.kidzdentalva.com\\\/es\\\/services\\\/family-dentistry\\\/dental-fillings\\\/#listItem\",\"name\":\"Dental Fillings\"},\"previousItem\":{\"@type\":\"ListItem\",\"@id\":\"https:\\\/\\\/www.kidzdentalva.com\\\/es\\\/services\\\/#listItem\",\"name\":\"Services\"}},{\"@type\":\"ListItem\",\"@id\":\"https:\\\/\\\/www.kidzdentalva.com\\\/es\\\/services\\\/family-dentistry\\\/dental-fillings\\\/#listItem\",\"position\":4,\"name\":\"Dental Fillings\",\"previousItem\":{\"@type\":\"ListItem\",\"@id\":\"https:\\\/\\\/www.kidzdentalva.com\\\/es\\\/services\\\/family-dentistry\\\/#listItem\",\"name\":\"Family Dentistry\"}}]},{\"@type\":\"Organization\",\"@id\":\"https:\\\/\\\/www.kidzdentalva.com\\\/es\\\/#organization\",\"name\":\"Kidz Dental &amp; Orthodontics\",\"description\":\"Our dental office is devoted to serving our community and ensuring everyone has affordable access to dental care. We have several payment options available in addition to dental insurance, including Medicaid and CareCredit.\",\"url\":\"https:\\\/\\\/www.kidzdentalva.com\\\/es\\\/\",\"email\":\"info@kidzdentalva.com\",\"telephone\":\"+15714411380\",\"logo\":{\"@type\":\"ImageObject\",\"url\":\"https:\\\/\\\/www.kidzdentalva.com\\\/wp-content\\\/uploads\\\/2024\\\/08\\\/KidzLogo3.png\",\"@id\":\"https:\\\/\\\/www.kidzdentalva.com\\\/es\\\/services\\\/family-dentistry\\\/dental-fillings\\\/#organizationLogo\",\"width\":450,\"height\":297},\"image\":{\"@id\":\"https:\\\/\\\/www.kidzdentalva.com\\\/es\\\/services\\\/family-dentistry\\\/dental-fillings\\\/#organizationLogo\"},\"sameAs\":[\"https:\\\/\\\/www.facebook.com\\\/Kidzdentalva\",\"https:\\\/\\\/www.yelp.com\\\/biz\\\/kidz-dental-woodbridge\"],\"address\":{\"@id\":\"https:\\\/\\\/www.kidzdentalva.com\\\/es\\\/#postaladdress\",\"@type\":\"PostalAddress\",\"streetAddress\":\"13648 Richmond Hwy.\",\"postalCode\":\"22191\",\"addressLocality\":\"Woodbridge\",\"addressRegion\":\"Illinois\",\"addressCountry\":\"US\"}},{\"@type\":\"WebPage\",\"@id\":\"https:\\\/\\\/www.kidzdentalva.com\\\/es\\\/services\\\/family-dentistry\\\/dental-fillings\\\/#webpage\",\"url\":\"https:\\\/\\\/www.kidzdentalva.com\\\/es\\\/services\\\/family-dentistry\\\/dental-fillings\\\/\",\"name\":\"Dental Fillings in Woodbridge | Kidz Dental & Orthodontics\",\"description\":\"Learn about the many dental services offered at Kidz Dental. Contact us today for more information.\",\"inLanguage\":\"es-MX\",\"isPartOf\":{\"@id\":\"https:\\\/\\\/www.kidzdentalva.com\\\/es\\\/#website\"},\"breadcrumb\":{\"@id\":\"https:\\\/\\\/www.kidzdentalva.com\\\/es\\\/services\\\/family-dentistry\\\/dental-fillings\\\/#breadcrumblist\"},\"image\":{\"@type\":\"ImageObject\",\"url\":\"https:\\\/\\\/www.kidzdentalva.com\\\/wp-content\\\/uploads\\\/2024\\\/08\\\/Father-and-Daughter-Playing.jpg\",\"@id\":\"https:\\\/\\\/www.kidzdentalva.com\\\/es\\\/services\\\/family-dentistry\\\/dental-fillings\\\/#mainImage\",\"width\":510,\"height\":384},\"primaryImageOfPage\":{\"@id\":\"https:\\\/\\\/www.kidzdentalva.com\\\/es\\\/services\\\/family-dentistry\\\/dental-fillings\\\/#mainImage\"},\"datePublished\":\"2024-08-22T23:04:09-06:00\",\"dateModified\":\"2024-08-22T23:04:09-06:00\"},{\"@type\":\"WebSite\",\"@id\":\"https:\\\/\\\/www.kidzdentalva.com\\\/es\\\/#website\",\"url\":\"https:\\\/\\\/www.kidzdentalva.com\\\/es\\\/\",\"name\":\"Kidz Dental &amp; Orthodontics\",\"alternateName\":\"Kidz Dental\",\"description\":\"Our dental office is devoted to serving our community and ensuring everyone has affordable access to dental care. We have several payment options available in addition to dental insurance, including Medicaid and CareCredit.\",\"inLanguage\":\"es-MX\",\"publisher\":{\"@id\":\"https:\\\/\\\/www.kidzdentalva.com\\\/es\\\/#organization\"}}]}\n\t\t<\/script>\n\t\t<!-- All in One SEO Pro -->\r\n\t\t<title>Dental Fillings in Woodbridge | Kidz Dental &amp; Orthodontics<\/title>\n\n","aioseo_head_json":{"title":"Dental Fillings in Woodbridge | Kidz Dental & Orthodontics","description":"Learn about the many dental services offered at Kidz Dental. Contact us today for more information.","canonical_url":"https:\/\/www.kidzdentalva.com\/es\/services\/family-dentistry\/dental-fillings\/","robots":"max-image-preview:large","keywords":"","webmasterTools":{"google-site-verification":"ES7sdvxv0DQaEiLT2nD1oettbKOjY34_uYl0yaNprII","miscellaneous":""},"schema":{"@context":"https:\/\/schema.org","@graph":[{"@type":"BreadcrumbList","@id":"https:\/\/www.kidzdentalva.com\/es\/services\/family-dentistry\/dental-fillings\/#breadcrumblist","itemListElement":[{"@type":"ListItem","@id":"https:\/\/www.kidzdentalva.com\/es#listItem","position":1,"name":"Home","item":"https:\/\/www.kidzdentalva.com\/es","nextItem":{"@type":"ListItem","@id":"https:\/\/www.kidzdentalva.com\/es\/services\/#listItem","name":"Services"}},{"@type":"ListItem","@id":"https:\/\/www.kidzdentalva.com\/es\/services\/#listItem","position":2,"name":"Services","item":"https:\/\/www.kidzdentalva.com\/es\/services\/","nextItem":{"@type":"ListItem","@id":"https:\/\/www.kidzdentalva.com\/es\/services\/family-dentistry\/#listItem","name":"Family Dentistry"},"previousItem":{"@type":"ListItem","@id":"https:\/\/www.kidzdentalva.com\/es#listItem","name":"Home"}},{"@type":"ListItem","@id":"https:\/\/www.kidzdentalva.com\/es\/services\/family-dentistry\/#listItem","position":3,"name":"Family Dentistry","item":"https:\/\/www.kidzdentalva.com\/es\/services\/family-dentistry\/","nextItem":{"@type":"ListItem","@id":"https:\/\/www.kidzdentalva.com\/es\/services\/family-dentistry\/dental-fillings\/#listItem","name":"Dental Fillings"},"previousItem":{"@type":"ListItem","@id":"https:\/\/www.kidzdentalva.com\/es\/services\/#listItem","name":"Services"}},{"@type":"ListItem","@id":"https:\/\/www.kidzdentalva.com\/es\/services\/family-dentistry\/dental-fillings\/#listItem","position":4,"name":"Dental Fillings","previousItem":{"@type":"ListItem","@id":"https:\/\/www.kidzdentalva.com\/es\/services\/family-dentistry\/#listItem","name":"Family Dentistry"}}]},{"@type":"Organization","@id":"https:\/\/www.kidzdentalva.com\/es\/#organization","name":"Kidz Dental &amp; Orthodontics","description":"Our dental office is devoted to serving our community and ensuring everyone has affordable access to dental care. We have several payment options available in addition to dental insurance, including Medicaid and CareCredit.","url":"https:\/\/www.kidzdentalva.com\/es\/","email":"info@kidzdentalva.com","telephone":"+15714411380","logo":{"@type":"ImageObject","url":"https:\/\/www.kidzdentalva.com\/wp-content\/uploads\/2024\/08\/KidzLogo3.png","@id":"https:\/\/www.kidzdentalva.com\/es\/services\/family-dentistry\/dental-fillings\/#organizationLogo","width":450,"height":297},"image":{"@id":"https:\/\/www.kidzdentalva.com\/es\/services\/family-dentistry\/dental-fillings\/#organizationLogo"},"sameAs":["https:\/\/www.facebook.com\/Kidzdentalva","https:\/\/www.yelp.com\/biz\/kidz-dental-woodbridge"],"address":{"@id":"https:\/\/www.kidzdentalva.com\/es\/#postaladdress","@type":"PostalAddress","streetAddress":"13648 Richmond Hwy.","postalCode":"22191","addressLocality":"Woodbridge","addressRegion":"Illinois","addressCountry":"US"}},{"@type":"WebPage","@id":"https:\/\/www.kidzdentalva.com\/es\/services\/family-dentistry\/dental-fillings\/#webpage","url":"https:\/\/www.kidzdentalva.com\/es\/services\/family-dentistry\/dental-fillings\/","name":"Dental Fillings in Woodbridge | Kidz Dental & Orthodontics","description":"Learn about the many dental services offered at Kidz Dental. Contact us today for more information.","inLanguage":"es-MX","isPartOf":{"@id":"https:\/\/www.kidzdentalva.com\/es\/#website"},"breadcrumb":{"@id":"https:\/\/www.kidzdentalva.com\/es\/services\/family-dentistry\/dental-fillings\/#breadcrumblist"},"image":{"@type":"ImageObject","url":"https:\/\/www.kidzdentalva.com\/wp-content\/uploads\/2024\/08\/Father-and-Daughter-Playing.jpg","@id":"https:\/\/www.kidzdentalva.com\/es\/services\/family-dentistry\/dental-fillings\/#mainImage","width":510,"height":384},"primaryImageOfPage":{"@id":"https:\/\/www.kidzdentalva.com\/es\/services\/family-dentistry\/dental-fillings\/#mainImage"},"datePublished":"2024-08-22T23:04:09-06:00","dateModified":"2024-08-22T23:04:09-06:00"},{"@type":"WebSite","@id":"https:\/\/www.kidzdentalva.com\/es\/#website","url":"https:\/\/www.kidzdentalva.com\/es\/","name":"Kidz Dental &amp; Orthodontics","alternateName":"Kidz Dental","description":"Our dental office is devoted to serving our community and ensuring everyone has affordable access to dental care. We have several payment options available in addition to dental insurance, including Medicaid and CareCredit.","inLanguage":"es-MX","publisher":{"@id":"https:\/\/www.kidzdentalva.com\/es\/#organization"}}]},"og:locale":"es_MX","og:site_name":"Kidz Dental &amp; Orthodontics | Our dental office is devoted to serving our community and ensuring everyone has affordable access to dental care. We have several payment options available in addition to dental insurance, including Medicaid and CareCredit.","og:type":"company","og:title":"Dental Fillings in Woodbridge | Kidz Dental &amp; Orthodontics","og:description":"Learn about the many dental services offered at Kidz Dental. Contact us today for more information.","og:url":"https:\/\/www.kidzdentalva.com\/es\/services\/family-dentistry\/dental-fillings\/","og:image":"https:\/\/www.kidzdentalva.com\/wp-content\/uploads\/2024\/08\/Father-and-Daughter-Playing.jpg","og:image:secure_url":"https:\/\/www.kidzdentalva.com\/wp-content\/uploads\/2024\/08\/Father-and-Daughter-Playing.jpg","og:image:width":510,"og:image:height":384,"twitter:card":"summary_large_image","twitter:title":"Dental Fillings in Woodbridge | Kidz Dental &amp; Orthodontics","twitter:description":"Learn about the many dental services offered at Kidz Dental. Contact us today for more information.","twitter:image":"https:\/\/www.kidzdentalva.com\/wp-content\/uploads\/2024\/08\/KidzLogo3.png"},"aioseo_meta_data":{"post_id":"3928","title":null,"description":null,"keywords":null,"keyphrases":{"focus":{"keyphrase":"","score":0,"analysis":{"keyphraseInTitle":{"score":0,"maxScore":9,"error":1}}},"additional":[]},"primary_term":null,"canonical_url":null,"og_title":null,"og_description":null,"og_object_type":"default","og_image_type":"default","og_image_url":null,"og_image_width":null,"og_image_height":null,"og_image_custom_url":null,"og_image_custom_fields":null,"og_video":"","og_custom_url":null,"og_article_section":null,"og_article_tags":null,"twitter_use_og":false,"twitter_card":"default","twitter_image_type":"default","twitter_image_url":null,"twitter_image_custom_url":null,"twitter_image_custom_fields":null,"twitter_title":null,"twitter_description":null,"schema":{"blockGraphs":[],"customGraphs":[],"default":{"data":{"Article":[],"Course":[],"Dataset":[],"FAQPage":[],"Movie":[],"Person":[],"Product":[],"ProductReview":[],"Car":[],"Recipe":[],"Service":[],"SoftwareApplication":[],"WebPage":[]},"graphName":"WebPage","isEnabled":true},"graphs":[]},"schema_type":"default","schema_type_options":null,"pillar_content":false,"robots_default":true,"robots_noindex":false,"robots_noarchive":false,"robots_nosnippet":false,"robots_nofollow":false,"robots_noimageindex":false,"robots_noodp":false,"robots_notranslate":false,"robots_max_snippet":"-1","robots_max_videopreview":"-1","robots_max_imagepreview":"large","priority":null,"frequency":"default","local_seo":null,"seo_analyzer_scan_date":"2025-08-15 05:55:01","breadcrumb_settings":null,"limit_modified_date":false,"open_ai":"{\"title\":{\"suggestions\":[],\"usage\":0},\"description\":{\"suggestions\":[],\"usage\":0}}","ai":null,"created":"2024-08-23 05:04:09","updated":"2025-10-21 20:12:44"},"aioseo_breadcrumb":"<div class=\"aioseo-breadcrumbs\"><span class=\"aioseo-breadcrumb\">\n\t<a href=\"https:\/\/www.kidzdentalva.com\/es\" title=\"Home\">Home<\/a>\n<\/span><span class=\"aioseo-breadcrumb-separator\">&raquo;<\/span><span class=\"aioseo-breadcrumb\">\n\t<a href=\"https:\/\/www.kidzdentalva.com\/es\/services\/\" title=\"Services\">Services<\/a>\n<\/span><span class=\"aioseo-breadcrumb-separator\">&raquo;<\/span><span class=\"aioseo-breadcrumb\">\n\t<a href=\"https:\/\/www.kidzdentalva.com\/es\/services\/family-dentistry\/\" title=\"Family Dentistry\">Family Dentistry<\/a>\n<\/span><span class=\"aioseo-breadcrumb-separator\">&raquo;<\/span><span class=\"aioseo-breadcrumb\">\n\tDental Fillings\n<\/span><\/div>","aioseo_breadcrumb_json":[{"label":"Home","link":"https:\/\/www.kidzdentalva.com\/es"},{"label":"Services","link":"https:\/\/www.kidzdentalva.com\/es\/services\/"},{"label":"Family Dentistry","link":"https:\/\/www.kidzdentalva.com\/es\/services\/family-dentistry\/"},{"label":"Dental Fillings","link":"https:\/\/www.kidzdentalva.com\/es\/services\/family-dentistry\/dental-fillings\/"}],"_links":{"self":[{"href":"https:\/\/www.kidzdentalva.com\/es\/wp-json\/wp\/v2\/pages\/3928","targetHints":{"allow":["GET"]}}],"collection":[{"href":"https:\/\/www.kidzdentalva.com\/es\/wp-json\/wp\/v2\/pages"}],"about":[{"href":"https:\/\/www.kidzdentalva.com\/es\/wp-json\/wp\/v2\/types\/page"}],"author":[{"embeddable":true,"href":"https:\/\/www.kidzdentalva.com\/es\/wp-json\/wp\/v2\/users\/5"}],"replies":[{"embeddable":true,"href":"https:\/\/www.kidzdentalva.com\/es\/wp-json\/wp\/v2\/comments?post=3928"}],"version-history":[{"count":0,"href":"https:\/\/www.kidzdentalva.com\/es\/wp-json\/wp\/v2\/pages\/3928\/revisions"}],"up":[{"embeddable":true,"href":"https:\/\/www.kidzdentalva.com\/es\/wp-json\/wp\/v2\/pages\/3919"}],"wp:featuredmedia":[{"embeddable":true,"href":"https:\/\/www.kidzdentalva.com\/es\/wp-json\/wp\/v2\/media\/3924"}],"wp:attachment":[{"href":"https:\/\/www.kidzdentalva.com\/es\/wp-json\/wp\/v2\/media?parent=3928"}],"curies":[{"name":"wp","href":"https:\/\/api.w.org\/{rel}","templated":true}]}}