{"id":3923,"date":"2024-08-22T23:02:03","date_gmt":"2024-08-23T05:02:03","guid":{"rendered":"https:\/\/www.kidzdentalva.com\/?page_id=3923"},"modified":"2024-08-22T23:02:03","modified_gmt":"2024-08-23T05:02:03","slug":"dentures","status":"publish","type":"page","link":"https:\/\/www.kidzdentalva.com\/es\/services\/family-dentistry\/dentures\/","title":{"rendered":"Dentadura postiza"},"content":{"rendered":"<p>La p\u00e9rdida parcial o total de los dientes puede afectar su confianza en s\u00ed mismo si no se trata. Tambi\u00e9n puede aumentar su riesgo de desarrollar otros problemas nutricionales y de salud sist\u00e9micos. Afortunadamente, las dentaduras postizas pueden devolverle la sonrisa y hacer que masticar y comer vuelva a ser un proceso normal.<\/p>\n<p>Las dentaduras postizas son removibles y reemplazan sus dientes naturales. Las dentaduras postizas est\u00e1n dise\u00f1adas para parecerse a los dientes naturales y est\u00e1n cuidadosamente elaboradas para que coincidan con la apariencia de su sonrisa.<\/p>\n<h2>Cuidado y mantenimiento de pr\u00f3tesis dentales<\/h2>\n<p>El cuidado y mantenimiento de su dentadura postiza depende del tipo de dentadura que utilice. El Dr. Sankepally detallar\u00e1 lo que se debe y no se debe hacer al usar dentaduras postizas, pero hay algunas reglas generales que cada paciente debe seguir:<\/p>\n<ul>\n<li>Las pr\u00f3tesis dentales deben usarse de forma continua durante las primeras semanas hasta que el paciente se acostumbre a ellas. Despu\u00e9s, la pr\u00f3tesis puede quitarse durante la noche para mayor comodidad.<\/li>\n<li>Cuando no est\u00e9n en uso, las dentaduras postizas deben colocarse en un recipiente especial y cubrirse completamente con agua para preservar la flexibilidad.<\/li>\n<li>Las dentaduras postizas deben limpiarse todos los d\u00edas con un limpiador no abrasivo y un cepillo de dientes con cerdas suaves.<\/li>\n<li>Visite al dentista peri\u00f3dicamente para realizar ajustes y controles de rutina de las enc\u00edas y los dientes restantes.<\/li>\n<\/ul>\n<p>Las dentaduras postizas pueden cambiar su apariencia, aumentar la autoestima y mejorar su experiencia de alimentaci\u00f3n. Si le faltan dientes, visite Kidz Dental and Orthodontics para ver si las dentaduras postizas en Woodbridge son adecuadas para usted.<\/p>","protected":false},"excerpt":{"rendered":"<p>Learn about the many dental services offered at Kidz Dental. Contact us today for more information.<\/p>","protected":false},"author":5,"featured_media":3926,"parent":3919,"menu_order":0,"comment_status":"closed","ping_status":"closed","template":"","meta":{"_et_pb_use_builder":"","_et_pb_old_content":"","_et_gb_content_width":"","_monsterinsights_skip_tracking":false,"_monsterinsights_sitenote_active":false,"_monsterinsights_sitenote_note":"","_monsterinsights_sitenote_category":0,"footnotes":""},"class_list":["post-3923","page","type-page","status-publish","has-post-thumbnail","hentry"],"aioseo_notices":[],"aioseo_head":"\n\t\t<!-- All in One SEO Pro 4.9.7.1 - aioseo.com -->\n\t<meta name=\"description\" content=\"Learn about the many dental services offered at Kidz Dental. Contact us today for more information.\" \/>\n\t<meta name=\"robots\" content=\"max-image-preview:large\" \/>\n\t<meta name=\"google-site-verification\" content=\"ES7sdvxv0DQaEiLT2nD1oettbKOjY34_uYl0yaNprII\" \/>\n\t<link rel=\"canonical\" href=\"https:\/\/www.kidzdentalva.com\/es\/services\/family-dentistry\/dentures\/\" \/>\n\t<meta name=\"generator\" content=\"All in One SEO Pro (AIOSEO) 4.9.7.1\" \/>\n\t\t<meta property=\"og:locale\" content=\"es_MX\" \/>\n\t\t<meta property=\"og:site_name\" content=\"Kidz Dental &amp; Orthodontics | Our dental office is devoted to serving our community and ensuring everyone has affordable access to dental care. We have several payment options available in addition to dental insurance, including Medicaid and CareCredit.\" \/>\n\t\t<meta property=\"og:type\" content=\"company\" \/>\n\t\t<meta property=\"og:title\" content=\"Dentures in Woodbridge | Kidz Dental &amp; Orthodontics\" \/>\n\t\t<meta property=\"og:description\" content=\"Learn about the many dental services offered at Kidz Dental. Contact us today for more information.\" \/>\n\t\t<meta property=\"og:url\" content=\"https:\/\/www.kidzdentalva.com\/es\/services\/family-dentistry\/dentures\/\" \/>\n\t\t<meta property=\"og:image\" content=\"https:\/\/www.kidzdentalva.com\/wp-content\/uploads\/2024\/08\/Older-Couple-Hugging.jpg\" \/>\n\t\t<meta property=\"og:image:secure_url\" content=\"https:\/\/www.kidzdentalva.com\/wp-content\/uploads\/2024\/08\/Older-Couple-Hugging.jpg\" \/>\n\t\t<meta property=\"og:image:width\" content=\"384\" \/>\n\t\t<meta property=\"og:image:height\" content=\"384\" \/>\n\t\t<meta name=\"twitter:card\" content=\"summary_large_image\" \/>\n\t\t<meta name=\"twitter:title\" content=\"Dentures in Woodbridge | Kidz Dental &amp; Orthodontics\" \/>\n\t\t<meta name=\"twitter:description\" content=\"Learn about the many dental services offered at Kidz Dental. Contact us today for more information.\" \/>\n\t\t<meta name=\"twitter:image\" content=\"https:\/\/www.kidzdentalva.com\/wp-content\/uploads\/2024\/08\/KidzLogo3.png\" \/>\n\t\t<script type=\"application\/ld+json\" class=\"aioseo-schema\">\n\t\t\t{\"@context\":\"https:\\\/\\\/schema.org\",\"@graph\":[{\"@type\":\"BreadcrumbList\",\"@id\":\"https:\\\/\\\/www.kidzdentalva.com\\\/es\\\/services\\\/family-dentistry\\\/dentures\\\/#breadcrumblist\",\"itemListElement\":[{\"@type\":\"ListItem\",\"@id\":\"https:\\\/\\\/www.kidzdentalva.com\\\/es#listItem\",\"position\":1,\"name\":\"Home\",\"item\":\"https:\\\/\\\/www.kidzdentalva.com\\\/es\",\"nextItem\":{\"@type\":\"ListItem\",\"@id\":\"https:\\\/\\\/www.kidzdentalva.com\\\/es\\\/services\\\/#listItem\",\"name\":\"Services\"}},{\"@type\":\"ListItem\",\"@id\":\"https:\\\/\\\/www.kidzdentalva.com\\\/es\\\/services\\\/#listItem\",\"position\":2,\"name\":\"Services\",\"item\":\"https:\\\/\\\/www.kidzdentalva.com\\\/es\\\/services\\\/\",\"nextItem\":{\"@type\":\"ListItem\",\"@id\":\"https:\\\/\\\/www.kidzdentalva.com\\\/es\\\/services\\\/family-dentistry\\\/#listItem\",\"name\":\"Family Dentistry\"},\"previousItem\":{\"@type\":\"ListItem\",\"@id\":\"https:\\\/\\\/www.kidzdentalva.com\\\/es#listItem\",\"name\":\"Home\"}},{\"@type\":\"ListItem\",\"@id\":\"https:\\\/\\\/www.kidzdentalva.com\\\/es\\\/services\\\/family-dentistry\\\/#listItem\",\"position\":3,\"name\":\"Family Dentistry\",\"item\":\"https:\\\/\\\/www.kidzdentalva.com\\\/es\\\/services\\\/family-dentistry\\\/\",\"nextItem\":{\"@type\":\"ListItem\",\"@id\":\"https:\\\/\\\/www.kidzdentalva.com\\\/es\\\/services\\\/family-dentistry\\\/dentures\\\/#listItem\",\"name\":\"Dentures\"},\"previousItem\":{\"@type\":\"ListItem\",\"@id\":\"https:\\\/\\\/www.kidzdentalva.com\\\/es\\\/services\\\/#listItem\",\"name\":\"Services\"}},{\"@type\":\"ListItem\",\"@id\":\"https:\\\/\\\/www.kidzdentalva.com\\\/es\\\/services\\\/family-dentistry\\\/dentures\\\/#listItem\",\"position\":4,\"name\":\"Dentures\",\"previousItem\":{\"@type\":\"ListItem\",\"@id\":\"https:\\\/\\\/www.kidzdentalva.com\\\/es\\\/services\\\/family-dentistry\\\/#listItem\",\"name\":\"Family Dentistry\"}}]},{\"@type\":\"Organization\",\"@id\":\"https:\\\/\\\/www.kidzdentalva.com\\\/es\\\/#organization\",\"name\":\"Kidz Dental &amp; Orthodontics\",\"description\":\"Our dental office is devoted to serving our community and ensuring everyone has affordable access to dental care. We have several payment options available in addition to dental insurance, including Medicaid and CareCredit.\",\"url\":\"https:\\\/\\\/www.kidzdentalva.com\\\/es\\\/\",\"email\":\"info@kidzdentalva.com\",\"telephone\":\"+15714411380\",\"logo\":{\"@type\":\"ImageObject\",\"url\":\"https:\\\/\\\/www.kidzdentalva.com\\\/wp-content\\\/uploads\\\/2024\\\/08\\\/KidzLogo3.png\",\"@id\":\"https:\\\/\\\/www.kidzdentalva.com\\\/es\\\/services\\\/family-dentistry\\\/dentures\\\/#organizationLogo\",\"width\":450,\"height\":297},\"image\":{\"@id\":\"https:\\\/\\\/www.kidzdentalva.com\\\/es\\\/services\\\/family-dentistry\\\/dentures\\\/#organizationLogo\"},\"sameAs\":[\"https:\\\/\\\/www.facebook.com\\\/Kidzdentalva\",\"https:\\\/\\\/www.yelp.com\\\/biz\\\/kidz-dental-woodbridge\"],\"address\":{\"@id\":\"https:\\\/\\\/www.kidzdentalva.com\\\/es\\\/#postaladdress\",\"@type\":\"PostalAddress\",\"streetAddress\":\"13648 Richmond Hwy.\",\"postalCode\":\"22191\",\"addressLocality\":\"Woodbridge\",\"addressRegion\":\"Illinois\",\"addressCountry\":\"US\"}},{\"@type\":\"WebPage\",\"@id\":\"https:\\\/\\\/www.kidzdentalva.com\\\/es\\\/services\\\/family-dentistry\\\/dentures\\\/#webpage\",\"url\":\"https:\\\/\\\/www.kidzdentalva.com\\\/es\\\/services\\\/family-dentistry\\\/dentures\\\/\",\"name\":\"Dentures in Woodbridge | Kidz Dental & Orthodontics\",\"description\":\"Learn about the many dental services offered at Kidz Dental. Contact us today for more information.\",\"inLanguage\":\"es-MX\",\"isPartOf\":{\"@id\":\"https:\\\/\\\/www.kidzdentalva.com\\\/es\\\/#website\"},\"breadcrumb\":{\"@id\":\"https:\\\/\\\/www.kidzdentalva.com\\\/es\\\/services\\\/family-dentistry\\\/dentures\\\/#breadcrumblist\"},\"image\":{\"@type\":\"ImageObject\",\"url\":\"https:\\\/\\\/www.kidzdentalva.com\\\/wp-content\\\/uploads\\\/2024\\\/08\\\/Older-Couple-Hugging.jpg\",\"@id\":\"https:\\\/\\\/www.kidzdentalva.com\\\/es\\\/services\\\/family-dentistry\\\/dentures\\\/#mainImage\",\"width\":384,\"height\":384},\"primaryImageOfPage\":{\"@id\":\"https:\\\/\\\/www.kidzdentalva.com\\\/es\\\/services\\\/family-dentistry\\\/dentures\\\/#mainImage\"},\"datePublished\":\"2024-08-22T23:02:03-06:00\",\"dateModified\":\"2024-08-22T23:02:03-06:00\"},{\"@type\":\"WebSite\",\"@id\":\"https:\\\/\\\/www.kidzdentalva.com\\\/es\\\/#website\",\"url\":\"https:\\\/\\\/www.kidzdentalva.com\\\/es\\\/\",\"name\":\"Kidz Dental &amp; Orthodontics\",\"alternateName\":\"Kidz Dental\",\"description\":\"Our dental office is devoted to serving our community and ensuring everyone has affordable access to dental care. We have several payment options available in addition to dental insurance, including Medicaid and CareCredit.\",\"inLanguage\":\"es-MX\",\"publisher\":{\"@id\":\"https:\\\/\\\/www.kidzdentalva.com\\\/es\\\/#organization\"}}]}\n\t\t<\/script>\n\t\t<!-- All in One SEO Pro -->\r\n\t\t<title>Dentures in Woodbridge | Kidz Dental &amp; Orthodontics<\/title>\n\n","aioseo_head_json":{"title":"Dentures in Woodbridge | Kidz Dental & Orthodontics","description":"Learn about the many dental services offered at Kidz Dental. Contact us today for more information.","canonical_url":"https:\/\/www.kidzdentalva.com\/es\/services\/family-dentistry\/dentures\/","robots":"max-image-preview:large","keywords":"","webmasterTools":{"google-site-verification":"ES7sdvxv0DQaEiLT2nD1oettbKOjY34_uYl0yaNprII","miscellaneous":""},"schema":{"@context":"https:\/\/schema.org","@graph":[{"@type":"BreadcrumbList","@id":"https:\/\/www.kidzdentalva.com\/es\/services\/family-dentistry\/dentures\/#breadcrumblist","itemListElement":[{"@type":"ListItem","@id":"https:\/\/www.kidzdentalva.com\/es#listItem","position":1,"name":"Home","item":"https:\/\/www.kidzdentalva.com\/es","nextItem":{"@type":"ListItem","@id":"https:\/\/www.kidzdentalva.com\/es\/services\/#listItem","name":"Services"}},{"@type":"ListItem","@id":"https:\/\/www.kidzdentalva.com\/es\/services\/#listItem","position":2,"name":"Services","item":"https:\/\/www.kidzdentalva.com\/es\/services\/","nextItem":{"@type":"ListItem","@id":"https:\/\/www.kidzdentalva.com\/es\/services\/family-dentistry\/#listItem","name":"Family Dentistry"},"previousItem":{"@type":"ListItem","@id":"https:\/\/www.kidzdentalva.com\/es#listItem","name":"Home"}},{"@type":"ListItem","@id":"https:\/\/www.kidzdentalva.com\/es\/services\/family-dentistry\/#listItem","position":3,"name":"Family Dentistry","item":"https:\/\/www.kidzdentalva.com\/es\/services\/family-dentistry\/","nextItem":{"@type":"ListItem","@id":"https:\/\/www.kidzdentalva.com\/es\/services\/family-dentistry\/dentures\/#listItem","name":"Dentures"},"previousItem":{"@type":"ListItem","@id":"https:\/\/www.kidzdentalva.com\/es\/services\/#listItem","name":"Services"}},{"@type":"ListItem","@id":"https:\/\/www.kidzdentalva.com\/es\/services\/family-dentistry\/dentures\/#listItem","position":4,"name":"Dentures","previousItem":{"@type":"ListItem","@id":"https:\/\/www.kidzdentalva.com\/es\/services\/family-dentistry\/#listItem","name":"Family Dentistry"}}]},{"@type":"Organization","@id":"https:\/\/www.kidzdentalva.com\/es\/#organization","name":"Kidz Dental &amp; Orthodontics","description":"Our dental office is devoted to serving our community and ensuring everyone has affordable access to dental care. We have several payment options available in addition to dental insurance, including Medicaid and CareCredit.","url":"https:\/\/www.kidzdentalva.com\/es\/","email":"info@kidzdentalva.com","telephone":"+15714411380","logo":{"@type":"ImageObject","url":"https:\/\/www.kidzdentalva.com\/wp-content\/uploads\/2024\/08\/KidzLogo3.png","@id":"https:\/\/www.kidzdentalva.com\/es\/services\/family-dentistry\/dentures\/#organizationLogo","width":450,"height":297},"image":{"@id":"https:\/\/www.kidzdentalva.com\/es\/services\/family-dentistry\/dentures\/#organizationLogo"},"sameAs":["https:\/\/www.facebook.com\/Kidzdentalva","https:\/\/www.yelp.com\/biz\/kidz-dental-woodbridge"],"address":{"@id":"https:\/\/www.kidzdentalva.com\/es\/#postaladdress","@type":"PostalAddress","streetAddress":"13648 Richmond Hwy.","postalCode":"22191","addressLocality":"Woodbridge","addressRegion":"Illinois","addressCountry":"US"}},{"@type":"WebPage","@id":"https:\/\/www.kidzdentalva.com\/es\/services\/family-dentistry\/dentures\/#webpage","url":"https:\/\/www.kidzdentalva.com\/es\/services\/family-dentistry\/dentures\/","name":"Dentures in Woodbridge | Kidz Dental & Orthodontics","description":"Learn about the many dental services offered at Kidz Dental. Contact us today for more information.","inLanguage":"es-MX","isPartOf":{"@id":"https:\/\/www.kidzdentalva.com\/es\/#website"},"breadcrumb":{"@id":"https:\/\/www.kidzdentalva.com\/es\/services\/family-dentistry\/dentures\/#breadcrumblist"},"image":{"@type":"ImageObject","url":"https:\/\/www.kidzdentalva.com\/wp-content\/uploads\/2024\/08\/Older-Couple-Hugging.jpg","@id":"https:\/\/www.kidzdentalva.com\/es\/services\/family-dentistry\/dentures\/#mainImage","width":384,"height":384},"primaryImageOfPage":{"@id":"https:\/\/www.kidzdentalva.com\/es\/services\/family-dentistry\/dentures\/#mainImage"},"datePublished":"2024-08-22T23:02:03-06:00","dateModified":"2024-08-22T23:02:03-06:00"},{"@type":"WebSite","@id":"https:\/\/www.kidzdentalva.com\/es\/#website","url":"https:\/\/www.kidzdentalva.com\/es\/","name":"Kidz Dental &amp; Orthodontics","alternateName":"Kidz Dental","description":"Our dental office is devoted to serving our community and ensuring everyone has affordable access to dental care. We have several payment options available in addition to dental insurance, including Medicaid and CareCredit.","inLanguage":"es-MX","publisher":{"@id":"https:\/\/www.kidzdentalva.com\/es\/#organization"}}]},"og:locale":"es_MX","og:site_name":"Kidz Dental &amp; Orthodontics | Our dental office is devoted to serving our community and ensuring everyone has affordable access to dental care. We have several payment options available in addition to dental insurance, including Medicaid and CareCredit.","og:type":"company","og:title":"Dentures in Woodbridge | Kidz Dental &amp; Orthodontics","og:description":"Learn about the many dental services offered at Kidz Dental. Contact us today for more information.","og:url":"https:\/\/www.kidzdentalva.com\/es\/services\/family-dentistry\/dentures\/","og:image":"https:\/\/www.kidzdentalva.com\/wp-content\/uploads\/2024\/08\/Older-Couple-Hugging.jpg","og:image:secure_url":"https:\/\/www.kidzdentalva.com\/wp-content\/uploads\/2024\/08\/Older-Couple-Hugging.jpg","og:image:width":384,"og:image:height":384,"twitter:card":"summary_large_image","twitter:title":"Dentures in Woodbridge | Kidz Dental &amp; Orthodontics","twitter:description":"Learn about the many dental services offered at Kidz Dental. Contact us today for more information.","twitter:image":"https:\/\/www.kidzdentalva.com\/wp-content\/uploads\/2024\/08\/KidzLogo3.png"},"aioseo_meta_data":{"post_id":"3923","title":null,"description":null,"keywords":null,"keyphrases":{"focus":{"keyphrase":"","score":0,"analysis":{"keyphraseInTitle":{"score":0,"maxScore":9,"error":1}}},"additional":[]},"primary_term":null,"canonical_url":null,"og_title":null,"og_description":null,"og_object_type":"default","og_image_type":"default","og_image_url":null,"og_image_width":null,"og_image_height":null,"og_image_custom_url":null,"og_image_custom_fields":null,"og_video":"","og_custom_url":null,"og_article_section":null,"og_article_tags":null,"twitter_use_og":false,"twitter_card":"default","twitter_image_type":"default","twitter_image_url":null,"twitter_image_custom_url":null,"twitter_image_custom_fields":null,"twitter_title":null,"twitter_description":null,"schema":{"blockGraphs":[],"customGraphs":[],"default":{"data":{"Article":[],"Course":[],"Dataset":[],"FAQPage":[],"Movie":[],"Person":[],"Product":[],"ProductReview":[],"Car":[],"Recipe":[],"Service":[],"SoftwareApplication":[],"WebPage":[]},"graphName":"WebPage","isEnabled":true},"graphs":[]},"schema_type":"default","schema_type_options":null,"pillar_content":false,"robots_default":true,"robots_noindex":false,"robots_noarchive":false,"robots_nosnippet":false,"robots_nofollow":false,"robots_noimageindex":false,"robots_noodp":false,"robots_notranslate":false,"robots_max_snippet":"-1","robots_max_videopreview":"-1","robots_max_imagepreview":"large","priority":null,"frequency":"default","local_seo":null,"seo_analyzer_scan_date":"2026-05-13 21:43:03","breadcrumb_settings":null,"limit_modified_date":false,"open_ai":"{\"title\":{\"suggestions\":[],\"usage\":0},\"description\":{\"suggestions\":[],\"usage\":0}}","ai":null,"created":"2024-08-23 05:02:03","updated":"2026-05-13 21:43:03"},"aioseo_breadcrumb":"<div class=\"aioseo-breadcrumbs\"><span class=\"aioseo-breadcrumb\">\n\t<a href=\"https:\/\/www.kidzdentalva.com\/es\" title=\"Home\">Home<\/a>\n<\/span><span class=\"aioseo-breadcrumb-separator\">&raquo;<\/span><span class=\"aioseo-breadcrumb\">\n\t<a href=\"https:\/\/www.kidzdentalva.com\/es\/services\/\" title=\"Services\">Services<\/a>\n<\/span><span class=\"aioseo-breadcrumb-separator\">&raquo;<\/span><span class=\"aioseo-breadcrumb\">\n\t<a href=\"https:\/\/www.kidzdentalva.com\/es\/services\/family-dentistry\/\" title=\"Family Dentistry\">Family Dentistry<\/a>\n<\/span><span class=\"aioseo-breadcrumb-separator\">&raquo;<\/span><span class=\"aioseo-breadcrumb\">\n\tDentures\n<\/span><\/div>","aioseo_breadcrumb_json":[{"label":"Home","link":"https:\/\/www.kidzdentalva.com\/es"},{"label":"Services","link":"https:\/\/www.kidzdentalva.com\/es\/services\/"},{"label":"Family Dentistry","link":"https:\/\/www.kidzdentalva.com\/es\/services\/family-dentistry\/"},{"label":"Dentures","link":"https:\/\/www.kidzdentalva.com\/es\/services\/family-dentistry\/dentures\/"}],"_links":{"self":[{"href":"https:\/\/www.kidzdentalva.com\/es\/wp-json\/wp\/v2\/pages\/3923","targetHints":{"allow":["GET"]}}],"collection":[{"href":"https:\/\/www.kidzdentalva.com\/es\/wp-json\/wp\/v2\/pages"}],"about":[{"href":"https:\/\/www.kidzdentalva.com\/es\/wp-json\/wp\/v2\/types\/page"}],"author":[{"embeddable":true,"href":"https:\/\/www.kidzdentalva.com\/es\/wp-json\/wp\/v2\/users\/5"}],"replies":[{"embeddable":true,"href":"https:\/\/www.kidzdentalva.com\/es\/wp-json\/wp\/v2\/comments?post=3923"}],"version-history":[{"count":0,"href":"https:\/\/www.kidzdentalva.com\/es\/wp-json\/wp\/v2\/pages\/3923\/revisions"}],"up":[{"embeddable":true,"href":"https:\/\/www.kidzdentalva.com\/es\/wp-json\/wp\/v2\/pages\/3919"}],"wp:featuredmedia":[{"embeddable":true,"href":"https:\/\/www.kidzdentalva.com\/es\/wp-json\/wp\/v2\/media\/3926"}],"wp:attachment":[{"href":"https:\/\/www.kidzdentalva.com\/es\/wp-json\/wp\/v2\/media?parent=3923"}],"curies":[{"name":"wp","href":"https:\/\/api.w.org\/{rel}","templated":true}]}}