{"id":3480,"date":"2024-04-15T12:26:58","date_gmt":"2024-04-15T18:26:58","guid":{"rendered":"https:\/\/www.kidzdentalva.com\/?page_id=3480"},"modified":"2024-05-31T09:23:52","modified_gmt":"2024-05-31T15:23:52","slug":"urgencias-de-ortodoncia","status":"publish","type":"page","link":"https:\/\/www.kidzdentalva.com\/es\/services\/orthodontics\/orthodontic-emergencies\/","title":{"rendered":"Urgencias de ortodoncia"},"content":{"rendered":"<h2>Urgencias de ortodoncia en Woodbridge, VA<\/h2>\n<p>Las urgencias ortod\u00f3ncicas pueden ser graves, por lo que es importante tratarlas inmediatamente. Hemos incluido informaci\u00f3n sobre c\u00f3mo tratar las urgencias m\u00e1s frecuentes relacionadas con la ortodoncia, pero si en alg\u00fan momento te preocupa un problema, \u00a1ponte en contacto con nuestra consulta inmediatamente!<\/p>\n<blockquote>\n<h5><em> <img loading=\"lazy\" decoding=\"async\" class=\"alignnone wp-image-3764\" src=\"https:\/\/www.kidzdentalva.com\/wp-content\/uploads\/2024\/08\/lightbulb.png\" alt=\"\" width=\"35\" height=\"35\" \/>\u00bfSAB\u00cdAS QU\u00c9...? <\/em><\/h5>\n<p> \u00a1La American Association of Orthodontics (Asociaci\u00f3n Americana de Ortodoncia) se\u00f1ala que actualmente m\u00e1s de cuatro millones de personas en el mundo llevan brackets!<\/em><\/p><\/blockquote>\n<h2>Urgencias comunes relacionadas con la ortodoncia<\/h2>\n<p>Es importante saber c\u00f3mo solucionar las urgencias ortod\u00f3ncicas m\u00e1s comunes que pueda sufrir tu hijo. Adem\u00e1s de los pasos que se indican a continuaci\u00f3n, recomendamos tener a mano un kit con cera ortod\u00f3ncica, analg\u00e9sicos que no requieran receta m\u00e9dica y Orajel para tratar dolores y molestias leves.<\/p>\n<ul>\n<li><strong>Alimentos atorados entre los dientes:<\/strong> Haz que tu hijo se cepille los dientes y se pase el hilo dental a fondo para eliminar la comida atascada.<\/li>\n<li><strong>Ligadura de color desprendida: <\/strong>Si se desprende una ligadura del aparato, es importante que reserves una cita y traigas a tu hijo a nuestra consulta.<\/li>\n<li><strong>Llagas o irritaci\u00f3n en la boca:<\/strong> Si tu hijo desarrolla llagas en la boca por el roce con los brackets, enju\u00e1gale la boca con agua salada templada y luego aplica cera ortod\u00f3ncica sobre los brackets que provocan la irritaci\u00f3n. Tambi\u00e9n puedes utilizar Orajel o un analg\u00e9sico de venta libre.<\/li>\n<li><strong>Brackets, alambres o bandas sueltos: <\/strong>Si alg\u00fan componente del corrector dental se afloja o se cae, no intentes sustituirlo t\u00fa mismo, pide cita en nuestra consulta para que lo arreglemos.<\/li>\n<li><strong>Alambre punzante:<\/strong> Si un alambre del aparato de ortodoncia provoca un da\u00f1o en el tejido bucal, puedes solicitar una cita en nuestra consulta para que lo solucionemos. Se puede utilizar cera de ortodoncia temporalmente para evitar que el alambre pinche.<\/li>\n<li><strong>Hinchaz\u00f3n o hemorragia, con dolor: <\/strong>Se puede administrar un analg\u00e9sico, as\u00ed como aplicar calor o hielo en la cara, sobre la zona dolorida. Si esto no ayuda, ponte en contacto con nuestra consulta para concertar una cita.<\/li>\n<li><strong>Traumatismos o lesiones en la boca: <\/strong>Si se produce una lesi\u00f3n en el corrector o los dientes, solicita una cita de emergencia. Si la boca o la cara sangran excesivamente, el paciente puede necesitar puntos y debe acudir a un servicio de urgencias.<\/li>\n<li><strong>Retenedor perdido\/roto: <\/strong>Av\u00edsanos para que podamos reparar o sustituir el retenedor. Despu\u00e9s de un tratamiento de ortodoncia, es importante que los ni\u00f1os lleven el retenedor siguiendo las instrucciones del ortodoncista para mantener los dientes alineados.<\/li>\n<\/ul>\n<h2>C\u00f3mo evitar problemas con la ortodoncia<\/h2>\n<p>Adem\u00e1s de las urgencias ortod\u00f3ncicas habituales, es importante que tu hijo organice su vida diaria para evitar crear problemas con el aparato. Alterar la dieta puede evitar da\u00f1os en el corrector dental de tu hijo. La regla m\u00e1s importante es no comer alimentos pegajosos o duros (incluyendo chicles). Estos alimentos pueden da\u00f1ar la ortodoncia y alargar el tratamiento.<\/p>\n<p>Algunos alimentos a evitar:<\/p>\n<ul>\n<li>Caramelos duros<\/li>\n<li>Palomitas de ma\u00edz<\/li>\n<li>Carne seca<\/li>\n<li>Hielo<\/li>\n<li>Frutos secos<\/li>\n<li>Corteza de pizza<\/li>\n<li>Panecillos<\/li>\n<li>Mazorca de ma\u00edz<\/li>\n<\/ul>\n<p>Adem\u00e1s, es importante que tu hijo beba mucha agua. El agua ayuda a mantener sanos los dientes y las enc\u00edas, y puede eliminar las part\u00edculas de comida que puedan atascarse en los aparatos.<\/p>\n<h2>Te ayudamos en caso de urgencia ortod\u00f3ncica<\/h2>\n<p>Si a tu hijo se le rompe o le pincha la ortodoncia, o si le sangra o le duele, es importante que te pongas en <a href=\"\/es\/contacto\/\">contacto inmediatamente con nuestro equipo de ortodoncia<\/a> de Kidz Dental &amp; Orthodontics. Podemos ayudarte a identificar el problema para determinar si tu hijo debe acudir cuanto antes a nuestra cl\u00ednica.<\/p>","protected":false},"excerpt":{"rendered":"<p>If your child or teen is experiencing an orthodontic emergency, Kidz Dental &#038; Orthodontics is here to help. Let\u2019s look at some common orthodontic emergencies and how to take care of them.<\/p>","protected":false},"author":2,"featured_media":3657,"parent":3300,"menu_order":0,"comment_status":"closed","ping_status":"closed","template":"","meta":{"_et_pb_use_builder":"","_et_pb_old_content":"","_et_gb_content_width":"","_monsterinsights_skip_tracking":false,"_monsterinsights_sitenote_active":false,"_monsterinsights_sitenote_note":"","_monsterinsights_sitenote_category":0,"footnotes":""},"class_list":["post-3480","page","type-page","status-publish","has-post-thumbnail","hentry"],"aioseo_notices":[],"aioseo_head":"\n\t\t<!-- All in One SEO Pro 4.9.5.2 - aioseo.com -->\n\t<meta name=\"description\" content=\"If your child or teen is experiencing an orthodontic emergency, contact our Woodbridge office today! Our children\u2019s orthodontist is here to help.\" \/>\n\t<meta name=\"robots\" content=\"max-image-preview:large\" \/>\n\t<meta name=\"google-site-verification\" content=\"ES7sdvxv0DQaEiLT2nD1oettbKOjY34_uYl0yaNprII\" \/>\n\t<link rel=\"canonical\" href=\"https:\/\/www.kidzdentalva.com\/es\/services\/orthodontics\/orthodontic-emergencies\/\" \/>\n\t<meta name=\"generator\" content=\"All in One SEO Pro (AIOSEO) 4.9.5.2\" \/>\n\t\t<meta property=\"og:locale\" content=\"es_MX\" \/>\n\t\t<meta property=\"og:site_name\" content=\"Kidz Dental &amp; Orthodontics | Our dental office is devoted to serving our community and ensuring everyone has affordable access to dental care. We have several payment options available in addition to dental insurance, including Medicaid and CareCredit.\" \/>\n\t\t<meta property=\"og:type\" content=\"company\" \/>\n\t\t<meta property=\"og:title\" content=\"Orthodontic Emergencies in Woodbridge | Kidz Dental &amp; Orthodontics\" \/>\n\t\t<meta property=\"og:description\" content=\"If your child or teen is experiencing an orthodontic emergency, contact our Woodbridge office today! Our children\u2019s orthodontist is here to help.\" \/>\n\t\t<meta property=\"og:url\" content=\"https:\/\/www.kidzdentalva.com\/es\/services\/orthodontics\/orthodontic-emergencies\/\" \/>\n\t\t<meta property=\"og:image\" content=\"https:\/\/www.kidzdentalva.com\/wp-content\/uploads\/2024\/05\/OrthodonticEmergencies.jpg\" \/>\n\t\t<meta property=\"og:image:secure_url\" content=\"https:\/\/www.kidzdentalva.com\/wp-content\/uploads\/2024\/05\/OrthodonticEmergencies.jpg\" \/>\n\t\t<meta property=\"og:image:width\" content=\"600\" \/>\n\t\t<meta property=\"og:image:height\" content=\"600\" \/>\n\t\t<meta name=\"twitter:card\" content=\"summary_large_image\" \/>\n\t\t<meta name=\"twitter:title\" content=\"Orthodontic Emergencies in Woodbridge | Kidz Dental &amp; Orthodontics\" \/>\n\t\t<meta name=\"twitter:description\" content=\"If your child or teen is experiencing an orthodontic emergency, contact our Woodbridge office today! Our children\u2019s orthodontist is here to help.\" \/>\n\t\t<meta name=\"twitter:image\" content=\"https:\/\/www.kidzdentalva.com\/wp-content\/uploads\/2024\/08\/KidzLogo3.png\" \/>\n\t\t<script type=\"application\/ld+json\" class=\"aioseo-schema\">\n\t\t\t{\"@context\":\"https:\\\/\\\/schema.org\",\"@graph\":[{\"@type\":\"BreadcrumbList\",\"@id\":\"https:\\\/\\\/www.kidzdentalva.com\\\/es\\\/services\\\/orthodontics\\\/orthodontic-emergencies\\\/#breadcrumblist\",\"itemListElement\":[{\"@type\":\"ListItem\",\"@id\":\"https:\\\/\\\/www.kidzdentalva.com\\\/es#listItem\",\"position\":1,\"name\":\"Home\",\"item\":\"https:\\\/\\\/www.kidzdentalva.com\\\/es\",\"nextItem\":{\"@type\":\"ListItem\",\"@id\":\"https:\\\/\\\/www.kidzdentalva.com\\\/es\\\/services\\\/#listItem\",\"name\":\"Services\"}},{\"@type\":\"ListItem\",\"@id\":\"https:\\\/\\\/www.kidzdentalva.com\\\/es\\\/services\\\/#listItem\",\"position\":2,\"name\":\"Services\",\"item\":\"https:\\\/\\\/www.kidzdentalva.com\\\/es\\\/services\\\/\",\"nextItem\":{\"@type\":\"ListItem\",\"@id\":\"https:\\\/\\\/www.kidzdentalva.com\\\/es\\\/services\\\/orthodontics\\\/#listItem\",\"name\":\"Orthodontics\"},\"previousItem\":{\"@type\":\"ListItem\",\"@id\":\"https:\\\/\\\/www.kidzdentalva.com\\\/es#listItem\",\"name\":\"Home\"}},{\"@type\":\"ListItem\",\"@id\":\"https:\\\/\\\/www.kidzdentalva.com\\\/es\\\/services\\\/orthodontics\\\/#listItem\",\"position\":3,\"name\":\"Orthodontics\",\"item\":\"https:\\\/\\\/www.kidzdentalva.com\\\/es\\\/services\\\/orthodontics\\\/\",\"nextItem\":{\"@type\":\"ListItem\",\"@id\":\"https:\\\/\\\/www.kidzdentalva.com\\\/es\\\/services\\\/orthodontics\\\/orthodontic-emergencies\\\/#listItem\",\"name\":\"Orthodontic Emergencies\"},\"previousItem\":{\"@type\":\"ListItem\",\"@id\":\"https:\\\/\\\/www.kidzdentalva.com\\\/es\\\/services\\\/#listItem\",\"name\":\"Services\"}},{\"@type\":\"ListItem\",\"@id\":\"https:\\\/\\\/www.kidzdentalva.com\\\/es\\\/services\\\/orthodontics\\\/orthodontic-emergencies\\\/#listItem\",\"position\":4,\"name\":\"Orthodontic Emergencies\",\"previousItem\":{\"@type\":\"ListItem\",\"@id\":\"https:\\\/\\\/www.kidzdentalva.com\\\/es\\\/services\\\/orthodontics\\\/#listItem\",\"name\":\"Orthodontics\"}}]},{\"@type\":\"Organization\",\"@id\":\"https:\\\/\\\/www.kidzdentalva.com\\\/es\\\/#organization\",\"name\":\"Kidz Dental &amp; Orthodontics\",\"description\":\"Our dental office is devoted to serving our community and ensuring everyone has affordable access to dental care. We have several payment options available in addition to dental insurance, including Medicaid and CareCredit.\",\"url\":\"https:\\\/\\\/www.kidzdentalva.com\\\/es\\\/\",\"email\":\"info@kidzdentalva.com\",\"telephone\":\"+15714411380\",\"logo\":{\"@type\":\"ImageObject\",\"url\":\"https:\\\/\\\/www.kidzdentalva.com\\\/wp-content\\\/uploads\\\/2024\\\/08\\\/KidzLogo3.png\",\"@id\":\"https:\\\/\\\/www.kidzdentalva.com\\\/es\\\/services\\\/orthodontics\\\/orthodontic-emergencies\\\/#organizationLogo\",\"width\":450,\"height\":297},\"image\":{\"@id\":\"https:\\\/\\\/www.kidzdentalva.com\\\/es\\\/services\\\/orthodontics\\\/orthodontic-emergencies\\\/#organizationLogo\"},\"sameAs\":[\"https:\\\/\\\/www.facebook.com\\\/Kidzdentalva\",\"https:\\\/\\\/www.yelp.com\\\/biz\\\/kidz-dental-woodbridge\"],\"address\":{\"@id\":\"https:\\\/\\\/www.kidzdentalva.com\\\/es\\\/#postaladdress\",\"@type\":\"PostalAddress\",\"streetAddress\":\"13648 Richmond Hwy.,\",\"postalCode\":\"22191\",\"addressLocality\":\"Woodbridge\",\"addressRegion\":\"Illinois\",\"addressCountry\":\"US\"}},{\"@type\":\"WebPage\",\"@id\":\"https:\\\/\\\/www.kidzdentalva.com\\\/es\\\/services\\\/orthodontics\\\/orthodontic-emergencies\\\/#webpage\",\"url\":\"https:\\\/\\\/www.kidzdentalva.com\\\/es\\\/services\\\/orthodontics\\\/orthodontic-emergencies\\\/\",\"name\":\"Orthodontic Emergencies in Woodbridge | Kidz Dental & Orthodontics\",\"description\":\"If your child or teen is experiencing an orthodontic emergency, contact our Woodbridge office today! Our children\\u2019s orthodontist is here to help.\",\"inLanguage\":\"es-MX\",\"isPartOf\":{\"@id\":\"https:\\\/\\\/www.kidzdentalva.com\\\/es\\\/#website\"},\"breadcrumb\":{\"@id\":\"https:\\\/\\\/www.kidzdentalva.com\\\/es\\\/services\\\/orthodontics\\\/orthodontic-emergencies\\\/#breadcrumblist\"},\"image\":{\"@type\":\"ImageObject\",\"url\":\"https:\\\/\\\/www.kidzdentalva.com\\\/wp-content\\\/uploads\\\/2024\\\/05\\\/OrthodonticEmergencies.jpg\",\"@id\":\"https:\\\/\\\/www.kidzdentalva.com\\\/es\\\/services\\\/orthodontics\\\/orthodontic-emergencies\\\/#mainImage\",\"width\":600,\"height\":600,\"caption\":\"Child holding orthodontic appliances\"},\"primaryImageOfPage\":{\"@id\":\"https:\\\/\\\/www.kidzdentalva.com\\\/es\\\/services\\\/orthodontics\\\/orthodontic-emergencies\\\/#mainImage\"},\"datePublished\":\"2024-04-15T12:26:58-06:00\",\"dateModified\":\"2024-05-31T09:23:52-06:00\"},{\"@type\":\"WebSite\",\"@id\":\"https:\\\/\\\/www.kidzdentalva.com\\\/es\\\/#website\",\"url\":\"https:\\\/\\\/www.kidzdentalva.com\\\/es\\\/\",\"name\":\"Kidz Dental &amp; Orthodontics\",\"alternateName\":\"Kidz Dental\",\"description\":\"Our dental office is devoted to serving our community and ensuring everyone has affordable access to dental care. We have several payment options available in addition to dental insurance, including Medicaid and CareCredit.\",\"inLanguage\":\"es-MX\",\"publisher\":{\"@id\":\"https:\\\/\\\/www.kidzdentalva.com\\\/es\\\/#organization\"}}]}\n\t\t<\/script>\n\t\t<!-- All in One SEO Pro -->\r\n\t\t<title>Orthodontic Emergencies in Woodbridge | Kidz Dental &amp; Orthodontics<\/title>\n\n","aioseo_head_json":{"title":"Urgencias de ortodoncia en Woodbridge | Kidz Dental &amp; Orthodontics","description":"Si tu hijo sufre una urgencia ortod\u00f3ncica, contacta con nuestra cl\u00ednica de Woodbridge ahora mismo. Nuestro ortodoncista infantil est\u00e1 listo para ayudarte.","canonical_url":"https:\/\/www.kidzdentalva.com\/es\/services\/orthodontics\/orthodontic-emergencies\/","robots":"max-image-preview:large","keywords":"","webmasterTools":{"google-site-verification":"ES7sdvxv0DQaEiLT2nD1oettbKOjY34_uYl0yaNprII","miscellaneous":""},"schema":{"@context":"https:\/\/schema.org","@graph":[{"@type":"BreadcrumbList","@id":"https:\/\/www.kidzdentalva.com\/es\/services\/orthodontics\/orthodontic-emergencies\/#breadcrumblist","itemListElement":[{"@type":"ListItem","@id":"https:\/\/www.kidzdentalva.com\/es#listItem","position":1,"name":"Home","item":"https:\/\/www.kidzdentalva.com\/es","nextItem":{"@type":"ListItem","@id":"https:\/\/www.kidzdentalva.com\/es\/services\/#listItem","name":"Services"}},{"@type":"ListItem","@id":"https:\/\/www.kidzdentalva.com\/es\/services\/#listItem","position":2,"name":"Services","item":"https:\/\/www.kidzdentalva.com\/es\/services\/","nextItem":{"@type":"ListItem","@id":"https:\/\/www.kidzdentalva.com\/es\/services\/orthodontics\/#listItem","name":"Orthodontics"},"previousItem":{"@type":"ListItem","@id":"https:\/\/www.kidzdentalva.com\/es#listItem","name":"Home"}},{"@type":"ListItem","@id":"https:\/\/www.kidzdentalva.com\/es\/services\/orthodontics\/#listItem","position":3,"name":"Orthodontics","item":"https:\/\/www.kidzdentalva.com\/es\/services\/orthodontics\/","nextItem":{"@type":"ListItem","@id":"https:\/\/www.kidzdentalva.com\/es\/services\/orthodontics\/orthodontic-emergencies\/#listItem","name":"Orthodontic Emergencies"},"previousItem":{"@type":"ListItem","@id":"https:\/\/www.kidzdentalva.com\/es\/services\/#listItem","name":"Services"}},{"@type":"ListItem","@id":"https:\/\/www.kidzdentalva.com\/es\/services\/orthodontics\/orthodontic-emergencies\/#listItem","position":4,"name":"Orthodontic Emergencies","previousItem":{"@type":"ListItem","@id":"https:\/\/www.kidzdentalva.com\/es\/services\/orthodontics\/#listItem","name":"Orthodontics"}}]},{"@type":"Organization","@id":"https:\/\/www.kidzdentalva.com\/es\/#organization","name":"Kidz Dental &amp; Orthodontics","description":"Our dental office is devoted to serving our community and ensuring everyone has affordable access to dental care. We have several payment options available in addition to dental insurance, including Medicaid and CareCredit.","url":"https:\/\/www.kidzdentalva.com\/es\/","email":"info@kidzdentalva.com","telephone":"+15714411380","logo":{"@type":"ImageObject","url":"https:\/\/www.kidzdentalva.com\/wp-content\/uploads\/2024\/08\/KidzLogo3.png","@id":"https:\/\/www.kidzdentalva.com\/es\/services\/orthodontics\/orthodontic-emergencies\/#organizationLogo","width":450,"height":297},"image":{"@id":"https:\/\/www.kidzdentalva.com\/es\/services\/orthodontics\/orthodontic-emergencies\/#organizationLogo"},"sameAs":["https:\/\/www.facebook.com\/Kidzdentalva","https:\/\/www.yelp.com\/biz\/kidz-dental-woodbridge"],"address":{"@id":"https:\/\/www.kidzdentalva.com\/es\/#postaladdress","@type":"PostalAddress","streetAddress":"13648 Richmond Hwy.,","postalCode":"22191","addressLocality":"Woodbridge","addressRegion":"Illinois","addressCountry":"US"}},{"@type":"WebPage","@id":"https:\/\/www.kidzdentalva.com\/es\/services\/orthodontics\/orthodontic-emergencies\/#webpage","url":"https:\/\/www.kidzdentalva.com\/es\/services\/orthodontics\/orthodontic-emergencies\/","name":"Orthodontic Emergencies in Woodbridge | Kidz Dental & Orthodontics","description":"If your child or teen is experiencing an orthodontic emergency, contact our Woodbridge office today! Our children\u2019s orthodontist is here to help.","inLanguage":"es-MX","isPartOf":{"@id":"https:\/\/www.kidzdentalva.com\/es\/#website"},"breadcrumb":{"@id":"https:\/\/www.kidzdentalva.com\/es\/services\/orthodontics\/orthodontic-emergencies\/#breadcrumblist"},"image":{"@type":"ImageObject","url":"https:\/\/www.kidzdentalva.com\/wp-content\/uploads\/2024\/05\/OrthodonticEmergencies.jpg","@id":"https:\/\/www.kidzdentalva.com\/es\/services\/orthodontics\/orthodontic-emergencies\/#mainImage","width":600,"height":600,"caption":"Child holding orthodontic appliances"},"primaryImageOfPage":{"@id":"https:\/\/www.kidzdentalva.com\/es\/services\/orthodontics\/orthodontic-emergencies\/#mainImage"},"datePublished":"2024-04-15T12:26:58-06:00","dateModified":"2024-05-31T09:23:52-06:00"},{"@type":"WebSite","@id":"https:\/\/www.kidzdentalva.com\/es\/#website","url":"https:\/\/www.kidzdentalva.com\/es\/","name":"Kidz Dental &amp; Orthodontics","alternateName":"Kidz Dental","description":"Our dental office is devoted to serving our community and ensuring everyone has affordable access to dental care. We have several payment options available in addition to dental insurance, including Medicaid and CareCredit.","inLanguage":"es-MX","publisher":{"@id":"https:\/\/www.kidzdentalva.com\/es\/#organization"}}]},"og:locale":"es_MX","og:site_name":"Kidz Dental &amp; Orthodontics | Our dental office is devoted to serving our community and ensuring everyone has affordable access to dental care. We have several payment options available in addition to dental insurance, including Medicaid and CareCredit.","og:type":"company","og:title":"Orthodontic Emergencies in Woodbridge | Kidz Dental &amp; Orthodontics","og:description":"If your child or teen is experiencing an orthodontic emergency, contact our Woodbridge office today! Our children\u2019s orthodontist is here to help.","og:url":"https:\/\/www.kidzdentalva.com\/es\/services\/orthodontics\/orthodontic-emergencies\/","og:image":"https:\/\/www.kidzdentalva.com\/wp-content\/uploads\/2024\/05\/OrthodonticEmergencies.jpg","og:image:secure_url":"https:\/\/www.kidzdentalva.com\/wp-content\/uploads\/2024\/05\/OrthodonticEmergencies.jpg","og:image:width":600,"og:image:height":600,"twitter:card":"summary_large_image","twitter:title":"Orthodontic Emergencies in Woodbridge | Kidz Dental &amp; Orthodontics","twitter:description":"If your child or teen is experiencing an orthodontic emergency, contact our Woodbridge office today! Our children\u2019s orthodontist is here to help.","twitter:image":"https:\/\/www.kidzdentalva.com\/wp-content\/uploads\/2024\/08\/KidzLogo3.png"},"aioseo_meta_data":{"post_id":"3480","title":null,"description":null,"keywords":null,"keyphrases":{"focus":{"keyphrase":"","score":0,"analysis":{"keyphraseInTitle":{"score":0,"maxScore":9,"error":1}}},"additional":[]},"primary_term":null,"canonical_url":null,"og_title":null,"og_description":null,"og_object_type":"default","og_image_type":"default","og_image_url":null,"og_image_width":null,"og_image_height":null,"og_image_custom_url":null,"og_image_custom_fields":null,"og_video":"","og_custom_url":null,"og_article_section":null,"og_article_tags":null,"twitter_use_og":false,"twitter_card":"default","twitter_image_type":"default","twitter_image_url":null,"twitter_image_custom_url":null,"twitter_image_custom_fields":null,"twitter_title":null,"twitter_description":null,"schema":{"blockGraphs":[],"customGraphs":[],"default":{"data":{"Article":[],"Course":[],"Dataset":[],"FAQPage":[],"Movie":[],"Person":[],"Product":[],"ProductReview":[],"Car":[],"Recipe":[],"Service":[],"SoftwareApplication":[],"WebPage":[]},"graphName":"WebPage","isEnabled":true},"graphs":[]},"schema_type":"default","schema_type_options":null,"pillar_content":false,"robots_default":true,"robots_noindex":false,"robots_noarchive":false,"robots_nosnippet":false,"robots_nofollow":false,"robots_noimageindex":false,"robots_noodp":false,"robots_notranslate":false,"robots_max_snippet":"-1","robots_max_videopreview":"-1","robots_max_imagepreview":"large","priority":null,"frequency":"default","local_seo":null,"seo_analyzer_scan_date":"2025-08-15 05:54:59","breadcrumb_settings":null,"limit_modified_date":false,"open_ai":"{\"title\":{\"suggestions\":[],\"usage\":0},\"description\":{\"suggestions\":[],\"usage\":0}}","ai":null,"created":"2024-04-15 18:26:58","updated":"2025-10-21 20:12:44"},"aioseo_breadcrumb":"<div class=\"aioseo-breadcrumbs\"><span class=\"aioseo-breadcrumb\">\n\t<a href=\"https:\/\/www.kidzdentalva.com\/es\" title=\"Home\">Home<\/a>\n<\/span><span class=\"aioseo-breadcrumb-separator\">&raquo;<\/span><span class=\"aioseo-breadcrumb\">\n\t<a href=\"https:\/\/www.kidzdentalva.com\/es\/services\/\" title=\"Services\">Services<\/a>\n<\/span><span class=\"aioseo-breadcrumb-separator\">&raquo;<\/span><span class=\"aioseo-breadcrumb\">\n\t<a href=\"https:\/\/www.kidzdentalva.com\/es\/services\/orthodontics\/\" title=\"Orthodontics\">Orthodontics<\/a>\n<\/span><span class=\"aioseo-breadcrumb-separator\">&raquo;<\/span><span class=\"aioseo-breadcrumb\">\n\tOrthodontic Emergencies\n<\/span><\/div>","aioseo_breadcrumb_json":[{"label":"Home","link":"https:\/\/www.kidzdentalva.com\/es"},{"label":"Services","link":"https:\/\/www.kidzdentalva.com\/es\/services\/"},{"label":"Orthodontics","link":"https:\/\/www.kidzdentalva.com\/es\/services\/orthodontics\/"},{"label":"Orthodontic Emergencies","link":"https:\/\/www.kidzdentalva.com\/es\/services\/orthodontics\/orthodontic-emergencies\/"}],"_links":{"self":[{"href":"https:\/\/www.kidzdentalva.com\/es\/wp-json\/wp\/v2\/pages\/3480","targetHints":{"allow":["GET"]}}],"collection":[{"href":"https:\/\/www.kidzdentalva.com\/es\/wp-json\/wp\/v2\/pages"}],"about":[{"href":"https:\/\/www.kidzdentalva.com\/es\/wp-json\/wp\/v2\/types\/page"}],"author":[{"embeddable":true,"href":"https:\/\/www.kidzdentalva.com\/es\/wp-json\/wp\/v2\/users\/2"}],"replies":[{"embeddable":true,"href":"https:\/\/www.kidzdentalva.com\/es\/wp-json\/wp\/v2\/comments?post=3480"}],"version-history":[{"count":0,"href":"https:\/\/www.kidzdentalva.com\/es\/wp-json\/wp\/v2\/pages\/3480\/revisions"}],"up":[{"embeddable":true,"href":"https:\/\/www.kidzdentalva.com\/es\/wp-json\/wp\/v2\/pages\/3300"}],"wp:featuredmedia":[{"embeddable":true,"href":"https:\/\/www.kidzdentalva.com\/es\/wp-json\/wp\/v2\/media\/3657"}],"wp:attachment":[{"href":"https:\/\/www.kidzdentalva.com\/es\/wp-json\/wp\/v2\/media?parent=3480"}],"curies":[{"name":"wp","href":"https:\/\/api.w.org\/{rel}","templated":true}]}}